{"id":4387,"date":"2025-09-05T11:29:30","date_gmt":"2025-09-05T11:29:30","guid":{"rendered":"https:\/\/wonabywona.com\/?post_type=product&#038;p=4387"},"modified":"2025-09-17T20:10:49","modified_gmt":"2025-09-17T20:10:49","slug":"7006_dress_ivory","status":"publish","type":"product","link":"https:\/\/wonabywona.com\/ua\/product\/7006_dress_ivory\/","title":{"rendered":"Cr\u00e8me de la Cr\u00e8me dress"},"content":{"rendered":"","protected":false},"excerpt":{"rendered":"<p>Cr\u00e8me de la Cr\u00e8me dress \u2013 to be the highlight of the day. Firm simple lace-up bodice, modest neckline and sophisticated flounce skirt create the harmony of the outfit.<br \/>\nAvailable in 3 colors: black, ivory and pink.<\/p>","protected":false},"featured_media":4604,"template":"","meta":{"site-sidebar-layout":"default","site-content-layout":"","ast-site-content-layout":"default","site-content-style":"default","site-sidebar-style":"default","ast-global-header-display":"","ast-banner-title-visibility":"","ast-main-header-display":"","ast-hfb-above-header-display":"","ast-hfb-below-header-display":"","ast-hfb-mobile-header-display":"","site-post-title":"","ast-breadcrumbs-content":"","ast-featured-img":"","footer-sml-layout":"","theme-transparent-header-meta":"default","adv-header-id-meta":"","stick-header-meta":"default","header-above-stick-meta":"","header-main-stick-meta":"","header-below-stick-meta":"","astra-migrate-meta-layouts":"set","ast-page-background-enabled":"default","ast-page-background-meta":{"desktop":{"background-color":"var(--ast-global-color-4)","background-image":"","background-repeat":"repeat","background-position":"center center","background-size":"auto","background-attachment":"scroll","background-type":"","background-media":"","overlay-type":"","overlay-color":"","overlay-opacity":"","overlay-gradient":""},"tablet":{"background-color":"","background-image":"","background-repeat":"repeat","background-position":"center center","background-size":"auto","background-attachment":"scroll","background-type":"","background-media":"","overlay-type":"","overlay-color":"","overlay-opacity":"","overlay-gradient":""},"mobile":{"background-color":"","background-image":"","background-repeat":"repeat","background-position":"center center","background-size":"auto","background-attachment":"scroll","background-type":"","background-media":"","overlay-type":"","overlay-color":"","overlay-opacity":"","overlay-gradient":""}},"ast-content-background-meta":{"desktop":{"background-color":"var(--ast-global-color-5)","background-image":"","background-repeat":"repeat","background-position":"center center","background-size":"auto","background-attachment":"scroll","background-type":"","background-media":"","overlay-type":"","overlay-color":"","overlay-opacity":"","overlay-gradient":""},"tablet":{"background-color":"var(--ast-global-color-5)","background-image":"","background-repeat":"repeat","background-position":"center center","background-size":"auto","background-attachment":"scroll","background-type":"","background-media":"","overlay-type":"","overlay-color":"","overlay-opacity":"","overlay-gradient":""},"mobile":{"background-color":"var(--ast-global-color-5)","background-image":"","background-repeat":"repeat","background-position":"center center","background-size":"auto","background-attachment":"scroll","background-type":"","background-media":"","overlay-type":"","overlay-color":"","overlay-opacity":"","overlay-gradient":""}}},"product_brand":[],"product_cat":[240,210],"product_tag":[],"class_list":{"0":"post-4387","1":"product","2":"type-product","3":"status-publish","4":"has-post-thumbnail","6":"product_cat-hedonista","7":"product_cat-shop-now","8":"desktop-align-left","9":"tablet-align-left","10":"mobile-align-left","11":"ast-product-gallery-layout-first-image-large","12":"ast-magnify-disabled","14":"first","15":"instock","16":"taxable","17":"shipping-taxable","18":"product-type-simple"},"exclude_global_add_ons":false,"addons":[{"name":"Color","type":"multiple_choice","position":0,"required":true,"title_format":"label","description_enable":false,"description":"","placeholder_enable":false,"placeholder":"","display":"images","restrictions_type":"any_text","adjust_price":false,"price":"","price_type":"flat_fee","restrictions":false,"min":0,"max":0,"options":[{"label":"Black [4388]","price":"","price_type":"flat_fee","image":4518},{"label":"Ivory [4387]","price":"","price_type":"flat_fee","image":4520},{"label":"Pink [4386]","price":"","price_type":"flat_fee","image":4522}],"id":1757084307},{"name":"Size","type":"multiple_choice","position":0,"required":true,"title_format":"label","description_enable":false,"description":"","placeholder_enable":false,"placeholder":"","display":"radiobutton","restrictions_type":"any_text","adjust_price":false,"price":"","price_type":"flat_fee","restrictions":false,"min":0,"max":0,"options":[{"label":"34","price":"","price_type":"flat_fee","image":0},{"label":"36","price":"","price_type":"flat_fee","image":0},{"label":"38","price":"","price_type":"flat_fee","image":0},{"label":"40","price":"","price_type":"flat_fee","image":0},{"label":"42","price":"","price_type":"flat_fee","image":0},{"label":"44","price":"","price_type":"flat_fee","image":0}],"id":1730842126}],"_links":{"self":[{"href":"https:\/\/wonabywona.com\/ua\/wp-json\/wp\/v2\/product\/4387","targetHints":{"allow":["GET"]}}],"collection":[{"href":"https:\/\/wonabywona.com\/ua\/wp-json\/wp\/v2\/product"}],"about":[{"href":"https:\/\/wonabywona.com\/ua\/wp-json\/wp\/v2\/types\/product"}],"wp:featuredmedia":[{"embeddable":true,"href":"https:\/\/wonabywona.com\/ua\/wp-json\/wp\/v2\/media\/4604"}],"wp:attachment":[{"href":"https:\/\/wonabywona.com\/ua\/wp-json\/wp\/v2\/media?parent=4387"}],"wp:term":[{"taxonomy":"product_brand","embeddable":true,"href":"https:\/\/wonabywona.com\/ua\/wp-json\/wp\/v2\/product_brand?post=4387"},{"taxonomy":"product_cat","embeddable":true,"href":"https:\/\/wonabywona.com\/ua\/wp-json\/wp\/v2\/product_cat?post=4387"},{"taxonomy":"product_tag","embeddable":true,"href":"https:\/\/wonabywona.com\/ua\/wp-json\/wp\/v2\/product_tag?post=4387"}],"curies":[{"name":"wp","href":"https:\/\/api.w.org\/{rel}","templated":true}]}}